{"id":98,"date":"2017-11-24T22:55:20","date_gmt":"2017-11-24T22:55:20","guid":{"rendered":"http:\/\/talleresdelagarza.com.mx\/es\/?page_id=98"},"modified":"2025-02-23T20:52:03","modified_gmt":"2025-02-23T20:52:03","slug":"empresa","status":"publish","type":"page","link":"https:\/\/talleresdelagarza.com.mx\/es\/empresa\/","title":{"rendered":"Empresa"},"content":{"rendered":"<p>[et_pb_section fb_built=\u00bb1&#8243; fullwidth=\u00bbon\u00bb _builder_version=\u00bb3.22&#8243; hover_enabled=\u00bb0&#8243;][et_pb_fullwidth_image src=\u00bbhttps:\/\/talleresdelagarza.com.mx\/es\/wp-content\/uploads\/2018\/01\/personal.jpg\u00bb _builder_version=\u00bb3.0.92&#8243;][\/et_pb_fullwidth_image][\/et_pb_section][et_pb_section fb_built=\u00bb1&#8243; _builder_version=\u00bb3.22&#8243; background_image=\u00bbhttps:\/\/talleresdelagarza.com.mx\/es\/wp-content\/uploads\/2018\/01\/fondo_blanco.jpg\u00bb][et_pb_row _builder_version=\u00bb3.25&#8243; background_size=\u00bbinitial\u00bb background_position=\u00bbtop_left\u00bb background_repeat=\u00bbrepeat\u00bb hover_enabled=\u00bb0&#8243;][et_pb_column type=\u00bb4_4&#8243; _builder_version=\u00bb3.25&#8243; custom_padding=\u00bb|||\u00bb custom_padding__hover=\u00bb|||\u00bb][et_pb_image src=\u00bbhttps:\/\/talleresdelagarza.com.mx\/es\/wp-content\/uploads\/2018\/01\/personal.jpg\u00bb align_tablet=\u00bbcenter\u00bb align_last_edited=\u00bbon|desktop\u00bb _builder_version=\u00bb4.0.10&#8243; hover_enabled=\u00bb0&#8243; always_center_on_mobile=\u00bbon\u00bb disabled_on=\u00bboff|off|on\u00bb][\/et_pb_image][et_pb_text _builder_version=\u00bb3.27.4&#8243; text_font=\u00bb|700||on|||||\u00bb text_text_color=\u00bb#e02b20&#8243; text_font_size=\u00bb28px\u00bb text_orientation=\u00bbcenter\u00bb animation_style=\u00bbzoom\u00bb box_shadow_style=\u00bbpreset3&#8243;]SOBRE NOSTROS<br \/>\n[\/et_pb_text][\/et_pb_column][\/et_pb_row][et_pb_row _builder_version=\u00bb3.25&#8243; background_size=\u00bbinitial\u00bb background_position=\u00bbtop_left\u00bb background_repeat=\u00bbrepeat\u00bb column_structure=\u00bb1_2,1_2&#8243;][et_pb_column type=\u00bb1_2&#8243; _builder_version=\u00bb3.25&#8243; custom_padding=\u00bb|||\u00bb custom_padding__hover=\u00bb|||\u00bb][et_pb_text _builder_version=\u00bb3.27.4&#8243; text_orientation=\u00bbjustified\u00bb]Talleres de la Garza inicio sus actividades en 1976 reparando todo tipo de remolques, nuestra empresa inici\u00f3 con 2 naves de 250 m2 cada una, oficinas para 3 personas y con la firme idea de aprender mas acerca del negocio, conocer sus debilidades, sus fortalezas y entender al cliente con el que \u00edbamos a trabajar.<\/p>\n<p>&nbsp;<\/p>\n<p>Durante 5 a\u00f1os nos encontramos con diferentes obst\u00e1culos y aprendizajes que nos permitieron conocer mas la industria y el producto que quer\u00edamos perfeccionar, fue entonces en 1981 que se fund\u00f3 Talleres De la Garza S.A. de C.V. en Guadalupe, N.L. como fabricante de remolques y semirremolques, la cual con m\u00e1s de 40 a\u00f1os de experiencia, hoy en dia, podemos decir orgullosos que es una empresa l\u00edder en la industria, respetada y conocida por su excelsa atenci\u00f3n a los detalles, tanto en el producto como en soporte al cliente.<\/p>\n<p>&nbsp;<br \/>\n[\/et_pb_text][et_pb_image src=\u00bbhttps:\/\/talleresdelagarza.com.mx\/es\/wp-content\/uploads\/2018\/02\/DURMA.jpg\u00bb align_tablet=\u00bbcenter\u00bb align_last_edited=\u00bbon|desktop\u00bb _builder_version=\u00bb3.23&#8243; always_center_on_mobile=\u00bbon\u00bb][\/et_pb_image][et_pb_text _builder_version=\u00bb3.27.4&#8243; text_orientation=\u00bbjustified\u00bb]&nbsp;<\/p>\n<p>En el departamento de contabilidad y finanzas, nuestro personal es capacitado por la UANL en la facultad de FACPYA, esto debido a los constantes cambios en las legislaciones mexicanas teniendo actualizadas nuestro programa de facturacion evitando retrasos con nuestros clientes.<\/p>\n<p>En el tema del equipamiento de la empresa, hemos invertido muchos recursos para adquirir maquinaria que ofrece mejores acabados y un tiempo de entrega mas eficiente, que se ajuste a los requerimientos de nuestros clientes y poder abastecer de productos mas r\u00e1pido.<\/p>\n<p>Se adquiri\u00f3 a finales del 2004 la cabina de pintura marca \u00abGLOBAL FINISH\u00bb, misma que nos da como beneficios el tener un color uniforme en toda la unidad, as\u00ed mismo, nos permite trabajar 24\/7 sin importar las condiciones climatol\u00f3gicas. Esta cabina de pintura tiene la capacidad para trabajar con cualquier tipo de remolque ya que sus dimensiones son bastante amplias. Cuenta con sopladores y extractores superiores, logrando una textura impecable en la unidad. Sin duda alguna, ha sido una de las piezas importantes en nuestra empresa para subir los est\u00e1ndares de calidad.<br \/>\n[\/et_pb_text][et_pb_image src=\u00bbhttps:\/\/talleresdelagarza.com.mx\/es\/wp-content\/uploads\/2018\/02\/Plasma-chico.jpg\u00bb align_tablet=\u00bbcenter\u00bb align_last_edited=\u00bbon|desktop\u00bb _builder_version=\u00bb3.23&#8243; always_center_on_mobile=\u00bbon\u00bb][\/et_pb_image][et_pb_text _builder_version=\u00bb3.27.4&#8243; text_orientation=\u00bbjustified\u00bb]&nbsp;<\/p>\n<p>Hemos desarrollado socios comerciales a lo largo de nuestra historia, es por eso que nuestras unidades se producen con los mejores equipos a nivel mundial. Empresas reconocidas como Hendrickson, Jost, Holland, Premier, Sealco, Meritor, Meritor-Wabco, Dupont, Sherwin-Williams, Accurride y Grote nos abastecen de sus productos para la instalaci\u00f3n de los mismos en nuestros remolques.<\/p>\n<p>Para concluir, estamos orgullosos de decir que actualmente tenemos equipos rodando por todo el continente americano, ya que hemos conseguido trabajar con empresas multinacionales que se han interesado en nuestros remolques, destacando en calidad y precio sobre otras marcas reconocidas a nivel mundial.<\/p>\n<p>Talleres De la Garza S.A. de C.V. es una empresa que lleva como valores principales el compromiso, disciplina, autocr\u00edtica y responsabilidad. Estamos 100% dispuestos a hacer de \u00e9sta, su empresa, su mejor aliado.<br \/>\n[\/et_pb_text][\/et_pb_column][et_pb_column type=\u00bb1_2&#8243; _builder_version=\u00bb3.25&#8243; custom_padding=\u00bb|||\u00bb custom_padding__hover=\u00bb|||\u00bb][et_pb_image src=\u00bbhttps:\/\/talleresdelagarza.com.mx\/es\/wp-content\/uploads\/2018\/02\/talleres_de_la_garza.jpg\u00bb align_tablet=\u00bbcenter\u00bb align_last_edited=\u00bbon|desktop\u00bb _builder_version=\u00bb3.23&#8243; always_center_on_mobile=\u00bbon\u00bb][\/et_pb_image][et_pb_text _builder_version=\u00bb3.27.4&#8243; text_orientation=\u00bbjustified\u00bb]Nuestra empresa fue fundada en base a 4 pilares b\u00e1sicos:<\/p>\n<ul>\n<li>Rapidez<\/li>\n<li>Servicio<\/li>\n<li>Calidad<\/li>\n<li>Precio<\/li>\n<\/ul>\n<p>Para lograr esto, ha sido necesario la capacitaci\u00f3n de nuestro personal de trabajo, la inclusi\u00f3n de maquinaria con nuevas tecnolog\u00edas, contrataci\u00f3n de personal calificado en areas especificas, adquisici\u00f3n de materia prima de primera y constantes auditorias a la planta.<\/p>\n<p>En cuanto a la capacitaci\u00f3n, hemos obtenido excelentes resultados con la empresa METWELD, quien ha implementado un programa de aseguramiento de calidad en soldadura AWS, QC10 y QC11 en nuestro proceso de producci\u00f3n.<\/p>\n<p>As\u00ed mismo, se ha capacitado al personal que incluimos con la maquinaria nueva para lograr un mejor rendimiento de las mismas, obtener resultados mas r\u00e1pido, con mejores acabados y un entendimiento mas extenso de su herramienta de trabajo.<br \/>\n[\/et_pb_text][et_pb_image src=\u00bbhttps:\/\/talleresdelagarza.com.mx\/es\/wp-content\/uploads\/2018\/02\/Cabina-de-pintura.png\u00bb align_tablet=\u00bbcenter\u00bb align_last_edited=\u00bbon|desktop\u00bb _builder_version=\u00bb3.23&#8243; always_center_on_mobile=\u00bbon\u00bb][\/et_pb_image][et_pb_text _builder_version=\u00bb3.27.4&#8243; text_orientation=\u00bbjustified\u00bb]&nbsp;<\/p>\n<p>Contamos con 2 plasmas, uno con cama de 30 metros de largo en el cual hacemos las almas de los remolques, esto nos ayuda ya que el chasis queda fabricado en una sola pieza dandole mayor firmeza debido a que no hay puntos de quiebres y\/o agrietamientos; cabe destacar que esto tambien nos beneficia en tiempo y costo al evitar que un tercero nos haga este trabajo.<\/p>\n<p>Tenemos ademas un plasma marca \u00abHYPERTHERM\u00bb con cama de 3 metros de largo el cual nos ayuda a estandarizar las piezas de reemplazo, estas maquinas han venido a incrementar nuestra producci\u00f3n en un 70% y hemos logrado obtener los acabados necesarios para satisfacer a nuestros consumidores.<\/p>\n<p>Nuestra empresa esta equipada con tecnolog\u00eda de punta en todas las areas de trabajo, contamos con inspecciones y mantenimientos constantes en la planta. Trabajamos con las marcas mas reconocidas en la industria como: LINCOLN, MILLER, ESAB, DURMA, HYPERTHERM, entre otras.<br \/>\n[\/et_pb_text][et_pb_image src=\u00bbhttps:\/\/talleresdelagarza.com.mx\/es\/wp-content\/uploads\/2018\/02\/Plataforma-trasero.jpg\u00bb align_tablet=\u00bbcenter\u00bb align_last_edited=\u00bbon|desktop\u00bb _builder_version=\u00bb3.23&#8243; always_center_on_mobile=\u00bbon\u00bb][\/et_pb_image][\/et_pb_column][\/et_pb_row][\/et_pb_section]<\/p>\n","protected":false},"excerpt":{"rendered":"<p>[et_pb_section fb_built=\u00bb1&#8243; fullwidth=\u00bbon\u00bb _builder_version=\u00bb3.22&#8243; hover_enabled=\u00bb0&#8243;][et_pb_fullwidth_image src=\u00bbhttps:\/\/talleresdelagarza.com.mx\/es\/wp-content\/uploads\/2018\/01\/personal.jpg\u00bb _builder_version=\u00bb3.0.92&#8243;][\/et_pb_fullwidth_image][\/et_pb_section][et_pb_section fb_built=\u00bb1&#8243; _builder_version=\u00bb3.22&#8243; background_image=\u00bbhttps:\/\/talleresdelagarza.com.mx\/es\/wp-content\/uploads\/2018\/01\/fondo_blanco.jpg\u00bb][et_pb_row _builder_version=\u00bb3.25&#8243; background_size=\u00bbinitial\u00bb background_position=\u00bbtop_left\u00bb background_repeat=\u00bbrepeat\u00bb hover_enabled=\u00bb0&#8243;][et_pb_column type=\u00bb4_4&#8243; _builder_version=\u00bb3.25&#8243; custom_padding=\u00bb|||\u00bb custom_padding__hover=\u00bb|||\u00bb][et_pb_image src=\u00bbhttps:\/\/talleresdelagarza.com.mx\/es\/wp-content\/uploads\/2018\/01\/personal.jpg\u00bb align_tablet=\u00bbcenter\u00bb align_last_edited=\u00bbon|desktop\u00bb _builder_version=\u00bb4.0.10&#8243; hover_enabled=\u00bb0&#8243; always_center_on_mobile=\u00bbon\u00bb disabled_on=\u00bboff|off|on\u00bb][\/et_pb_image][et_pb_text _builder_version=\u00bb3.27.4&#8243; text_font=\u00bb|700||on|||||\u00bb text_text_color=\u00bb#e02b20&#8243; text_font_size=\u00bb28px\u00bb text_orientation=\u00bbcenter\u00bb animation_style=\u00bbzoom\u00bb box_shadow_style=\u00bbpreset3&#8243;]SOBRE NOSTROS [\/et_pb_text][\/et_pb_column][\/et_pb_row][et_pb_row _builder_version=\u00bb3.25&#8243; background_size=\u00bbinitial\u00bb background_position=\u00bbtop_left\u00bb background_repeat=\u00bbrepeat\u00bb column_structure=\u00bb1_2,1_2&#8243;][et_pb_column type=\u00bb1_2&#8243; _builder_version=\u00bb3.25&#8243; custom_padding=\u00bb|||\u00bb custom_padding__hover=\u00bb|||\u00bb][et_pb_text _builder_version=\u00bb3.27.4&#8243; text_orientation=\u00bbjustified\u00bb]Talleres de la Garza inicio sus actividades en 1976 reparando [&hellip;]<\/p>\n","protected":false},"author":1,"featured_media":0,"parent":0,"menu_order":0,"comment_status":"closed","ping_status":"closed","template":"","meta":{"_et_pb_use_builder":"on","_et_pb_old_content":"","_joinchat":[],"footnotes":""},"class_list":["post-98","page","type-page","status-publish","hentry"],"_links":{"self":[{"href":"https:\/\/talleresdelagarza.com.mx\/es\/wp-json\/wp\/v2\/pages\/98","targetHints":{"allow":["GET"]}}],"collection":[{"href":"https:\/\/talleresdelagarza.com.mx\/es\/wp-json\/wp\/v2\/pages"}],"about":[{"href":"https:\/\/talleresdelagarza.com.mx\/es\/wp-json\/wp\/v2\/types\/page"}],"author":[{"embeddable":true,"href":"https:\/\/talleresdelagarza.com.mx\/es\/wp-json\/wp\/v2\/users\/1"}],"replies":[{"embeddable":true,"href":"https:\/\/talleresdelagarza.com.mx\/es\/wp-json\/wp\/v2\/comments?post=98"}],"version-history":[{"count":1,"href":"https:\/\/talleresdelagarza.com.mx\/es\/wp-json\/wp\/v2\/pages\/98\/revisions"}],"predecessor-version":[{"id":1153,"href":"https:\/\/talleresdelagarza.com.mx\/es\/wp-json\/wp\/v2\/pages\/98\/revisions\/1153"}],"wp:attachment":[{"href":"https:\/\/talleresdelagarza.com.mx\/es\/wp-json\/wp\/v2\/media?parent=98"}],"curies":[{"name":"wp","href":"https:\/\/api.w.org\/{rel}","templated":true}]}}