{"id":96,"date":"2017-11-24T22:51:41","date_gmt":"2017-11-24T22:51:41","guid":{"rendered":"http:\/\/talleresdelagarza.com.mx\/es\/?page_id=96"},"modified":"2018-01-16T16:20:00","modified_gmt":"2018-01-16T16:20:00","slug":"financiamiento","status":"publish","type":"page","link":"https:\/\/talleresdelagarza.com.mx\/es\/financiamiento\/","title":{"rendered":"Financiamiento"},"content":{"rendered":"<p>[et_pb_section bb_built=\u00bb1&#8243; fullwidth=\u00bbon\u00bb _builder_version=\u00bb3.0.92&#8243; background_image=\u00bbhttps:\/\/talleresdelagarza.com.mx\/es\/wp-content\/uploads\/2017\/12\/fondo_inicio.jpg\u00bb background_position=\u00bbbottom_center\u00bb background_blend=\u00bbexclusion\u00bb][et_pb_fullwidth_header title=\u00bbFINANCIAMIENTO\u00bb background_layout=\u00bbdark\u00bb text_orientation=\u00bbcenter\u00bb logo_image_url=\u00bbhttps:\/\/talleresdelagarza.com.mx\/es\/wp-content\/uploads\/2018\/01\/mega-logo.png\u00bb _builder_version=\u00bb3.0.92&#8243; title_font=\u00bb|700|||||||\u00bb title_font_size=\u00bb38px\u00bb text_shadow_style=\u00bbpreset2&#8243;]<\/p>\n<p>&nbsp;<\/p>\n<p>[\/et_pb_fullwidth_header][\/et_pb_section][et_pb_section bb_built=\u00bb1&#8243; _builder_version=\u00bb3.0.92&#8243; background_image=\u00bbhttps:\/\/talleresdelagarza.com.mx\/es\/wp-content\/uploads\/2018\/01\/imagen-inicio.jpg\u00bb disabled=\u00bboff\u00bb disabled_on=\u00bbon||\u00bb][et_pb_row custom_padding=\u00bb27px|0px|27px|0px\u00bb _builder_version=\u00bb3.0.47&#8243; background_size=\u00bbinitial\u00bb background_position=\u00bbtop_left\u00bb background_repeat=\u00bbrepeat\u00bb][et_pb_column type=\u00bb1_2&#8243;][et_pb_cta title=\u00bbCONSIGUE UNA COTIZACI\u00d3N\u00bb button_url=\u00bbhttps:\/\/talleresdelagarza.com.mx\/es\/contacto\/\u00bb button_text=\u00bbCont\u00e1ctanos\u00bb use_background_color=\u00bboff\u00bb _builder_version=\u00bb3.0.92&#8243; header_text_align=\u00bbleft\u00bb border_radii=\u00bbon|0px|0px|0px|0px\u00bb text_orientation=\u00bbleft\u00bb custom_button=\u00bbon\u00bb button_border_color=\u00bb#feec00&#8243; button_alignment=\u00bbleft\u00bb]<\/p>\n<p>&nbsp;<\/p>\n<p>[\/et_pb_cta][\/et_pb_column][et_pb_column type=\u00bb1_2&#8243;][\/et_pb_column][\/et_pb_row][\/et_pb_section][et_pb_section bb_built=\u00bb1&#8243; disabled_on=\u00bbon|off|off\u00bb _builder_version=\u00bb3.0.92&#8243; background_image=\u00bbhttps:\/\/talleresdelagarza.com.mx\/es\/wp-content\/uploads\/2018\/01\/financiamiento2.jpg\u00bb max_width_last_edited=\u00bboff|desktop\u00bb][et_pb_row _builder_version=\u00bb3.0.92&#8243; background_size=\u00bbinitial\u00bb background_position=\u00bbtop_left\u00bb background_repeat=\u00bbrepeat\u00bb][et_pb_column type=\u00bb1_2&#8243;][\/et_pb_column][et_pb_column type=\u00bb1_2&#8243;][et_pb_text background_layout=\u00bbdark\u00bb _builder_version=\u00bb3.0.92&#8243;]<\/p>\n<p>El financiamiento ha sido una herramienta fundamental para nuestros clientes los \u00faltimos a\u00f1os, es por eso que cerramos un convenio con la financiera \u201cMEGA\u201d en donde se le brindar\u00e1 toda la informaci\u00f3n necesaria para la adquisici\u00f3n de sus equipos. Las ventajas de este producto financiero son los siguientes:<\/p>\n<ul>\n<li>Plazos de 12 meses sin intereses.<\/li>\n<li>Plazos de 24-36 meses con intereses.<\/li>\n<li>Para el plazo de 12 meses se autorizan las operaciones con 3 estados de cuenta, formato de consulta de buro, actas de la empresa e IFE del representante legal.<\/li>\n<li>Anticipo del 20%<\/li>\n<li>Comisi\u00f3n del 2% ya con IVA<\/li>\n<li>Se elabora un convenio para el que se requiere lo siguiente: Acta constitutiva, Poder representante Legal, Identificaci\u00f3n representante legal y comprobante de domicilio de la empresa.<\/li>\n<\/ul>\n<p>[\/et_pb_text][\/et_pb_column][\/et_pb_row][\/et_pb_section][et_pb_section bb_built=\u00bb1&#8243; fullwidth=\u00bboff\u00bb specialty=\u00bboff\u00bb _builder_version=\u00bb3.0.92&#8243; background_color=\u00bb#0f0f0f\u00bb disabled=\u00bboff\u00bb disabled_on=\u00bb|on|on\u00bb][et_pb_row][et_pb_column type=\u00bb4_4&#8243;][et_pb_text background_layout=\u00bbdark\u00bb _builder_version=\u00bb3.0.92&#8243;]<\/p>\n<p>El financiamiento ha sido una herramienta fundamental para nuestros clientes los \u00faltimos a\u00f1os, es por eso que cerramos un convenio con la financiera \u201cMEGA\u201d en donde se le brindar\u00e1 toda la informaci\u00f3n necesaria para la adquisici\u00f3n de sus equipos. Las ventajas de este producto financiero son los siguientes:<\/p>\n<ul>\n<li>Plazos de 12 meses sin intereses.<\/li>\n<li>Plazos de 24-36 meses con intereses.<\/li>\n<li>Para el plazo de 12 meses se autorizan las operaciones con 3 estados de cuenta, formato de consulta de buro, actas de la empresa e IFE del representante legal.<\/li>\n<li>Anticipo del 20%<\/li>\n<li>Comisi\u00f3n del 2% ya con IVA<\/li>\n<li>Se elabora un convenio para el que se requiere lo siguiente: Acta constitutiva, Poder representante Legal, Identificaci\u00f3n representante legal y comprobante de domicilio de la empresa.<\/li>\n<\/ul>\n<p>[\/et_pb_text][et_pb_image _builder_version=\u00bb3.0.92&#8243; src=\u00bbhttps:\/\/talleresdelagarza.com.mx\/es\/wp-content\/uploads\/2018\/01\/banking-and-finance.jpg\u00bb show_in_lightbox=\u00bboff\u00bb url_new_window=\u00bboff\u00bb use_overlay=\u00bboff\u00bb always_center_on_mobile=\u00bbon\u00bb force_fullwidth=\u00bboff\u00bb show_bottom_space=\u00bbon\u00bb \/][et_pb_cta title=\u00bbCONSIGUE UNA COTIZACI\u00d3N\u00bb button_url=\u00bbhttps:\/\/talleresdelagarza.com.mx\/es\/contacto\/\u00bb button_text=\u00bbCont\u00e1ctanos\u00bb use_background_color=\u00bboff\u00bb _builder_version=\u00bb3.0.92&#8243; header_text_align=\u00bbleft\u00bb border_radii=\u00bbon|0px|0px|0px|0px\u00bb text_orientation=\u00bbleft\u00bb custom_button=\u00bbon\u00bb button_border_color=\u00bb#feec00&#8243; button_alignment=\u00bbleft\u00bb]<\/p>\n<p>&nbsp;<\/p>\n<p>[\/et_pb_cta][\/et_pb_column][\/et_pb_row][\/et_pb_section]<\/p>\n","protected":false},"excerpt":{"rendered":"<p>[et_pb_section bb_built=\u00bb1&#8243; fullwidth=\u00bbon\u00bb _builder_version=\u00bb3.0.92&#8243; background_image=\u00bbhttps:\/\/talleresdelagarza.com.mx\/es\/wp-content\/uploads\/2017\/12\/fondo_inicio.jpg\u00bb background_position=\u00bbbottom_center\u00bb background_blend=\u00bbexclusion\u00bb][et_pb_fullwidth_header title=\u00bbFINANCIAMIENTO\u00bb background_layout=\u00bbdark\u00bb text_orientation=\u00bbcenter\u00bb logo_image_url=\u00bbhttps:\/\/talleresdelagarza.com.mx\/es\/wp-content\/uploads\/2018\/01\/mega-logo.png\u00bb _builder_version=\u00bb3.0.92&#8243; title_font=\u00bb|700|||||||\u00bb title_font_size=\u00bb38px\u00bb text_shadow_style=\u00bbpreset2&#8243;] &nbsp; [\/et_pb_fullwidth_header][\/et_pb_section][et_pb_section bb_built=\u00bb1&#8243; _builder_version=\u00bb3.0.92&#8243; background_image=\u00bbhttps:\/\/talleresdelagarza.com.mx\/es\/wp-content\/uploads\/2018\/01\/imagen-inicio.jpg\u00bb disabled=\u00bboff\u00bb disabled_on=\u00bbon||\u00bb][et_pb_row custom_padding=\u00bb27px|0px|27px|0px\u00bb _builder_version=\u00bb3.0.47&#8243; background_size=\u00bbinitial\u00bb background_position=\u00bbtop_left\u00bb background_repeat=\u00bbrepeat\u00bb][et_pb_column type=\u00bb1_2&#8243;][et_pb_cta title=\u00bbCONSIGUE UNA COTIZACI\u00d3N\u00bb button_url=\u00bbhttps:\/\/talleresdelagarza.com.mx\/es\/contacto\/\u00bb button_text=\u00bbCont\u00e1ctanos\u00bb use_background_color=\u00bboff\u00bb _builder_version=\u00bb3.0.92&#8243; header_text_align=\u00bbleft\u00bb border_radii=\u00bbon|0px|0px|0px|0px\u00bb text_orientation=\u00bbleft\u00bb custom_button=\u00bbon\u00bb button_border_color=\u00bb#feec00&#8243; button_alignment=\u00bbleft\u00bb] &nbsp; [\/et_pb_cta][\/et_pb_column][et_pb_column type=\u00bb1_2&#8243;][\/et_pb_column][\/et_pb_row][\/et_pb_section][et_pb_section bb_built=\u00bb1&#8243; disabled_on=\u00bbon|off|off\u00bb _builder_version=\u00bb3.0.92&#8243; background_image=\u00bbhttps:\/\/talleresdelagarza.com.mx\/es\/wp-content\/uploads\/2018\/01\/financiamiento2.jpg\u00bb max_width_last_edited=\u00bboff|desktop\u00bb][et_pb_row _builder_version=\u00bb3.0.92&#8243; background_size=\u00bbinitial\u00bb background_position=\u00bbtop_left\u00bb background_repeat=\u00bbrepeat\u00bb][et_pb_column type=\u00bb1_2&#8243;][\/et_pb_column][et_pb_column type=\u00bb1_2&#8243;][et_pb_text [&hellip;]<\/p>\n","protected":false},"author":1,"featured_media":0,"parent":0,"menu_order":0,"comment_status":"closed","ping_status":"closed","template":"","meta":{"_et_pb_use_builder":"on","_et_pb_old_content":"","_joinchat":[],"footnotes":""},"class_list":["post-96","page","type-page","status-publish","hentry"],"_links":{"self":[{"href":"https:\/\/talleresdelagarza.com.mx\/es\/wp-json\/wp\/v2\/pages\/96","targetHints":{"allow":["GET"]}}],"collection":[{"href":"https:\/\/talleresdelagarza.com.mx\/es\/wp-json\/wp\/v2\/pages"}],"about":[{"href":"https:\/\/talleresdelagarza.com.mx\/es\/wp-json\/wp\/v2\/types\/page"}],"author":[{"embeddable":true,"href":"https:\/\/talleresdelagarza.com.mx\/es\/wp-json\/wp\/v2\/users\/1"}],"replies":[{"embeddable":true,"href":"https:\/\/talleresdelagarza.com.mx\/es\/wp-json\/wp\/v2\/comments?post=96"}],"version-history":[{"count":0,"href":"https:\/\/talleresdelagarza.com.mx\/es\/wp-json\/wp\/v2\/pages\/96\/revisions"}],"wp:attachment":[{"href":"https:\/\/talleresdelagarza.com.mx\/es\/wp-json\/wp\/v2\/media?parent=96"}],"curies":[{"name":"wp","href":"https:\/\/api.w.org\/{rel}","templated":true}]}}